{"id":10,"date":"2021-03-07T22:55:19","date_gmt":"2021-03-07T22:55:19","guid":{"rendered":"http:\/\/davidpennington.com.br\/?page_id=10"},"modified":"2021-03-11T18:15:27","modified_gmt":"2021-03-11T18:15:27","slug":"create-your-website-with-blocks","status":"publish","type":"page","link":"http:\/\/davidpennington.com.br\/","title":{"rendered":"Criatividade e Desenvolvimento"},"content":{"rendered":"\n<div style=\"height:100px\" aria-hidden=\"true\" class=\"wp-block-spacer\"><\/div>\n\n\n\n<div class=\"wp-block-media-text alignwide is-stacked-on-mobile\" id=\"http:\/\/lionrod.orgfree.com\"><figure class=\"wp-block-media-text__media\"><a href=\"http:\/\/lionrod.orgfree.com\"><img loading=\"lazy\" width=\"275\" height=\"183\" src=\"http:\/\/davidpennington.com.br\/wp-content\/uploads\/2021\/03\/images.jpg\" alt=\"\" class=\"wp-image-45 size-full\" srcset=\"http:\/\/davidpennington.com.br\/wp-content\/uploads\/2021\/03\/images.jpg 275w, http:\/\/davidpennington.com.br\/wp-content\/uploads\/2021\/03\/images-272x182.jpg 272w\" sizes=\"(max-width: 275px) 100vw, 275px\" \/><\/a><\/figure><div class=\"wp-block-media-text__content\">\n<p class=\"has-large-font-size\" id=\"http:\/\/davidrodney.freeoda.com\"><a href=\"http:\/\/davidrodney.freeoda.com\" data-type=\"URL\" target=\"_blank\" rel=\"noreferrer noopener\">Oficina de Cinema<\/a><\/p>\n\n\n\n<p>A Oficina de Cinema surgiu como uma proposta de um grupo de estudo de arte, trabalhando com smartfone.<\/p>\n\n\n\n<p>A facilidade de uso e qualidade de imagem e som registrados pelos telefones atuais \u00e9 impressionante, al\u00e9m do fato de que quase todos n\u00f3s temos uma c\u00e2mera de v\u00eddeo no bolso.<\/p>\n\n\n\n<p>Nesta oficina, vamos utilizar o potencial dessas c\u00e2meras.<\/p>\n<\/div><\/div>\n\n\n\n<p><\/p>\n\n\n\n<div style=\"height:50px\" aria-hidden=\"true\" class=\"wp-block-spacer\"><\/div>\n\n\n\n<div class=\"wp-block-columns alignwide are-vertically-aligned-top\">\n<div class=\"wp-block-column is-vertically-aligned-top\"><\/div>\n\n\n\n<div class=\"wp-block-column is-vertically-aligned-top\"><\/div>\n<\/div>\n\n\n\n<div style=\"height:100px\" aria-hidden=\"true\" class=\"wp-block-spacer\"><\/div>\n\n\n\n<div class=\"wp-block-cover alignwide has-green-background-color has-background-dim is-style-twentytwentyone-border\"><div class=\"wp-block-cover__inner-container\">\n<div style=\"height:20px\" aria-hidden=\"true\" class=\"wp-block-spacer\"><\/div>\n\n\n\n<p class=\"has-huge-font-size\">Need help?<\/p>\n\n\n\n<div style=\"height:75px\" aria-hidden=\"true\" class=\"wp-block-spacer\"><\/div>\n\n\n\n<div class=\"wp-block-columns\">\n<div class=\"wp-block-column\">\n<p><a href=\"https:\/\/wordpress.org\/support\/article\/twenty-twenty-one\/\">Read the Theme Documentation<\/a><\/p>\n<\/div>\n\n\n\n<div class=\"wp-block-column\">\n<p><a href=\"https:\/\/wordpress.org\/support\/theme\/twentytwentyone\/\">Check out the Support Forums<\/a><\/p>\n<\/div>\n<\/div>\n\n\n\n<div style=\"height:20px\" aria-hidden=\"true\" class=\"wp-block-spacer\"><\/div>\n<\/div><\/div>\n","protected":false},"excerpt":{"rendered":"<p>Oficina de Cinema A Oficina de Cinema surgiu como uma proposta de um grupo de estudo de arte, trabalhando com smartfone. A facilidade de uso e qualidade de imagem e som registrados pelos telefones atuais \u00e9 impressionante, al\u00e9m do fato de que quase todos n\u00f3s temos uma c\u00e2mera de v\u00eddeo no bolso. Nesta oficina, vamos [&hellip;]<\/p>\n","protected":false},"author":1,"featured_media":0,"parent":0,"menu_order":0,"comment_status":"closed","ping_status":"closed","template":"","meta":[],"_links":{"self":[{"href":"http:\/\/davidpennington.com.br\/index.php?rest_route=\/wp\/v2\/pages\/10"}],"collection":[{"href":"http:\/\/davidpennington.com.br\/index.php?rest_route=\/wp\/v2\/pages"}],"about":[{"href":"http:\/\/davidpennington.com.br\/index.php?rest_route=\/wp\/v2\/types\/page"}],"author":[{"embeddable":true,"href":"http:\/\/davidpennington.com.br\/index.php?rest_route=\/wp\/v2\/users\/1"}],"replies":[{"embeddable":true,"href":"http:\/\/davidpennington.com.br\/index.php?rest_route=%2Fwp%2Fv2%2Fcomments&post=10"}],"version-history":[{"count":13,"href":"http:\/\/davidpennington.com.br\/index.php?rest_route=\/wp\/v2\/pages\/10\/revisions"}],"predecessor-version":[{"id":64,"href":"http:\/\/davidpennington.com.br\/index.php?rest_route=\/wp\/v2\/pages\/10\/revisions\/64"}],"wp:attachment":[{"href":"http:\/\/davidpennington.com.br\/index.php?rest_route=%2Fwp%2Fv2%2Fmedia&parent=10"}],"curies":[{"name":"wp","href":"https:\/\/api.w.org\/{rel}","templated":true}]}}