{"id":2,"date":"2021-03-07T12:32:52","date_gmt":"2021-03-07T12:32:52","guid":{"rendered":"http:\/\/davidpennington.com.br\/?page_id=2"},"modified":"2021-03-11T18:05:53","modified_gmt":"2021-03-11T18:05:53","slug":"sample-page","status":"publish","type":"page","link":"http:\/\/davidpennington.com.br\/?page_id=2","title":{"rendered":"O Instrutor"},"content":{"rendered":"\n<p>David Pennington<\/p>\n\n\n\n<p>Nasci em Liverpool, fui criado em Manaus, Amazonas, professor da Universidade de Bras\u00edlia no Departamento de Audiovisuais e Publicidade da Faculdade de Comunica\u00e7\u00e3o de 1987 a 2017<br>Arquiteto, formado pela FAU-USP em 1976; Mestre em Comunica\u00e7\u00e3o pela Faculdade de Comunica\u00e7\u00e3o, UnB, 1993 e Doutor em Hist\u00f3ria pela Universidade de Bras\u00edlia e University of Liverpool, 2001.<br>Lecionei como Professor Adjunto do Curso de Audiovisuais e Publicidade da Faculdade de Comunica\u00e7\u00e3o da Universidade de Bras\u00edlia, as seguintes disciplinas:<br>Oficina B\u00e1sica de Audiovisual<br>Fotografia e Ilumina\u00e7\u00e3o<br>Som do Filme<br>Produ\u00e7\u00e3o Publicit\u00e1ria<br>Cinema de Anima\u00e7\u00e3o<br>Linguagem Cinematogr\u00e1fica e Audiovisual<br>Linha de Imagem e Som (P\u00f3s-Gradua\u00e7\u00e3o)<\/p>\n\n\n\n<p><\/p>\n","protected":false},"excerpt":{"rendered":"<p>David Pennington Nasci em Liverpool, fui criado em Manaus, Amazonas, professor da Universidade de Bras\u00edlia no Departamento de Audiovisuais e Publicidade da Faculdade de Comunica\u00e7\u00e3o de 1987 a 2017Arquiteto, formado pela FAU-USP em 1976; Mestre em Comunica\u00e7\u00e3o pela Faculdade de Comunica\u00e7\u00e3o, UnB, 1993 e Doutor em Hist\u00f3ria pela Universidade de Bras\u00edlia e University of Liverpool, [&hellip;]<\/p>\n","protected":false},"author":1,"featured_media":0,"parent":0,"menu_order":0,"comment_status":"closed","ping_status":"open","template":"","meta":[],"_links":{"self":[{"href":"http:\/\/davidpennington.com.br\/index.php?rest_route=\/wp\/v2\/pages\/2"}],"collection":[{"href":"http:\/\/davidpennington.com.br\/index.php?rest_route=\/wp\/v2\/pages"}],"about":[{"href":"http:\/\/davidpennington.com.br\/index.php?rest_route=\/wp\/v2\/types\/page"}],"author":[{"embeddable":true,"href":"http:\/\/davidpennington.com.br\/index.php?rest_route=\/wp\/v2\/users\/1"}],"replies":[{"embeddable":true,"href":"http:\/\/davidpennington.com.br\/index.php?rest_route=%2Fwp%2Fv2%2Fcomments&post=2"}],"version-history":[{"count":3,"href":"http:\/\/davidpennington.com.br\/index.php?rest_route=\/wp\/v2\/pages\/2\/revisions"}],"predecessor-version":[{"id":63,"href":"http:\/\/davidpennington.com.br\/index.php?rest_route=\/wp\/v2\/pages\/2\/revisions\/63"}],"wp:attachment":[{"href":"http:\/\/davidpennington.com.br\/index.php?rest_route=%2Fwp%2Fv2%2Fmedia&parent=2"}],"curies":[{"name":"wp","href":"https:\/\/api.w.org\/{rel}","templated":true}]}}